{"id":36,"date":"2020-12-15T12:18:41","date_gmt":"2020-12-15T11:18:41","guid":{"rendered":"https:\/\/aspektum.cz\/?page_id=36"},"modified":"2024-01-29T20:41:18","modified_gmt":"2024-01-29T19:41:18","slug":"home","status":"publish","type":"page","link":"https:\/\/aspektum.cz\/","title":{"rendered":"Home"},"content":{"rendered":"<p>[et_pb_section fb_built=&#8221;1&#8243; _builder_version=&#8221;4.16&#8243; _module_preset=&#8221;default&#8221; background_image=&#8221;https:\/\/aspektum.cz\/wp-content\/uploads\/2020\/12\/Cover-web-Aspektum-background.jpg&#8221; parallax=&#8221;on&#8221; parallax_method=&#8221;off&#8221; custom_padding=&#8221;100px||100px|||&#8221; global_colors_info=&#8221;{}&#8221;][et_pb_row _builder_version=&#8221;4.16&#8243; _module_preset=&#8221;default&#8221; global_colors_info=&#8221;{}&#8221;][et_pb_column type=&#8221;4_4&#8243; _builder_version=&#8221;4.16&#8243; _module_preset=&#8221;default&#8221; global_colors_info=&#8221;{}&#8221;][et_pb_image src=&#8221;https:\/\/aspektum.cz\/wp-content\/uploads\/2020\/12\/Aspektum-Logo-Gold.png&#8221; title_text=&#8221;Aspektum Logo Gold&#8221; _builder_version=&#8221;4.16&#8243; _module_preset=&#8221;default&#8221; max_width=&#8221;10%&#8221; max_width_tablet=&#8221;&#8221; max_width_phone=&#8221;25%&#8221; max_width_last_edited=&#8221;on|phone&#8221; module_alignment=&#8221;center&#8221; global_colors_info=&#8221;{}&#8221;][\/et_pb_image][et_pb_text _builder_version=&#8221;4.16&#8243; _module_preset=&#8221;default&#8221; text_font=&#8221;|300|||||||&#8221; text_text_color=&#8221;#d4ae70&#8243; header_font=&#8221;|800|||||||&#8221; header_text_color=&#8221;#d4ae70&#8243; header_font_size=&#8221;60px&#8221; header_line_height=&#8221;1.7em&#8221; header_3_text_color=&#8221;#d4ae70&#8243; max_width=&#8221;74%&#8221; max_width_tablet=&#8221;&#8221; max_width_phone=&#8221;100%&#8221; max_width_last_edited=&#8221;on|phone&#8221; module_alignment=&#8221;center&#8221; header_font_size_tablet=&#8221;&#8221; header_font_size_phone=&#8221;40px&#8221; header_font_size_last_edited=&#8221;on|phone&#8221; global_colors_info=&#8221;{}&#8221;]<\/p>\n<h3 class=\"elementor-heading-title elementor-size-default\" style=\"text-align: center;\">Poji\u0161t\u011bn\u00ed &amp; Servis<\/h3>\n<h1 class=\"elementor-heading-title elementor-size-default\" style=\"text-align: center;\">Chr\u00e1n\u00edme v\u00e1\u0161 majetek, va\u0161e podnik\u00e1n\u00ed<\/h1>\n<p>[\/et_pb_text][et_pb_text _builder_version=&#8221;4.24.0&#8243; _module_preset=&#8221;default&#8221; text_font=&#8221;|300|||||||&#8221; text_text_color=&#8221;#d4ae70&#8243; header_font=&#8221;|800|||||||&#8221; header_text_color=&#8221;#d4ae70&#8243; header_font_size=&#8221;60px&#8221; header_line_height=&#8221;1.7em&#8221; header_3_text_color=&#8221;#d4ae70&#8243; width=&#8221;60%&#8221; width_tablet=&#8221;&#8221; width_phone=&#8221;100%&#8221; width_last_edited=&#8221;on|phone&#8221; max_width=&#8221;100%&#8221; module_alignment=&#8221;center&#8221; hover_enabled=&#8221;0&#8243; global_colors_info=&#8221;{}&#8221; sticky_enabled=&#8221;0&#8243;]<\/p>\n<p class=\"elementor-heading-title elementor-size-default\" style=\"text-align: center;\"><span style=\"font-size: 16px;\">M\u00edt spr\u00e1vn\u00e9 poji\u0161t\u011bn\u00ed je nezbytnou sou\u010d\u00e1st\u00ed \u00fasp\u011b\u0161n\u00e9ho podnik\u00e1n\u00ed. Ji\u017e <strong>v\u00edce ne\u017e 20 let<\/strong> jsme partne\u0159i t\u011bch nej\u00fasp\u011b\u0161n\u011bj\u0161\u00edch.<\/span><\/p>\n<p>[\/et_pb_text][\/et_pb_column][\/et_pb_row][\/et_pb_section][et_pb_section fb_built=&#8221;1&#8243; module_id=&#8221;servis&#8221; _builder_version=&#8221;4.16&#8243; _module_preset=&#8221;default&#8221; background_color=&#8221;rgba(17,29,76,0.03)&#8221; custom_padding=&#8221;100px||100px|||&#8221; global_colors_info=&#8221;{}&#8221;][et_pb_row _builder_version=&#8221;4.16&#8243; _module_preset=&#8221;default&#8221; global_colors_info=&#8221;{}&#8221;][et_pb_column type=&#8221;4_4&#8243; _builder_version=&#8221;4.16&#8243; _module_preset=&#8221;default&#8221; global_colors_info=&#8221;{}&#8221;][et_pb_text _builder_version=&#8221;4.16&#8243; _module_preset=&#8221;default&#8221; header_font=&#8221;|800|||||||&#8221; header_line_height=&#8221;1.7em&#8221; header_4_font=&#8221;|600|||||||&#8221; header_4_text_color=&#8221;#d4ae70&#8243; header_4_line_height=&#8221;1.7em&#8221; global_colors_info=&#8221;{}&#8221;]<\/p>\n<h4 class=\"elementor-heading-title elementor-size-default\" style=\"text-align: center;\">Servis je na\u0161\u00ed dom\u00e9nou<\/h4>\n<h1 class=\"elementor-heading-title elementor-size-default\" style=\"text-align: center;\">Komplexn\u00ed servis poji\u0161t\u011bn\u00ed<\/h1>\n<p>[\/et_pb_text][\/et_pb_column][\/et_pb_row][et_pb_row column_structure=&#8221;1_3,1_3,1_3&#8243; _builder_version=&#8221;4.16&#8243; _module_preset=&#8221;default&#8221; global_colors_info=&#8221;{}&#8221;][et_pb_column type=&#8221;1_3&#8243; _builder_version=&#8221;4.16&#8243; _module_preset=&#8221;default&#8221; global_colors_info=&#8221;{}&#8221;][et_pb_blurb title=&#8221;Poji\u0161t\u011bn\u00ed u\u0161ijeme na m\u00edru&#8221; use_icon=&#8221;on&#8221; font_icon=&#8221;&#x66;||divi||400&#8243; icon_color=&#8221;#D4AE70&#8243; image_icon_width=&#8221;60px&#8221; _builder_version=&#8221;4.16&#8243; _module_preset=&#8221;default&#8221; header_font=&#8221;|600|||||||&#8221; header_text_align=&#8221;center&#8221; header_line_height=&#8221;1.7em&#8221; body_font=&#8221;|300|||||||&#8221; body_text_align=&#8221;center&#8221; background_color=&#8221;#ffffff&#8221; custom_padding=&#8221;50px|25px|50px|25px|true|true&#8221; border_radii=&#8221;on|25px|25px|25px|25px&#8221; box_shadow_style=&#8221;preset3&#8243; box_shadow_blur=&#8221;25px&#8221; box_shadow_spread=&#8221;-14px&#8221; icon_font_size=&#8221;60px&#8221; global_colors_info=&#8221;{}&#8221;]<\/p>\n<p>Ka\u017edou nab\u00eddku tvo\u0159\u00edme individu\u00e1ln\u011b na z\u00e1klad\u011b po\u017eadavku a pot\u0159eb klienta.<\/p>\n<p>[\/et_pb_blurb][\/et_pb_column][et_pb_column type=&#8221;1_3&#8243; _builder_version=&#8221;4.16&#8243; _module_preset=&#8221;default&#8221; global_colors_info=&#8221;{}&#8221;][et_pb_blurb title=&#8221;Pojistn\u00e9 ud\u00e1losti&#8221; use_icon=&#8221;on&#8221; font_icon=&#8221;&#x5a;||divi||400&#8243; icon_color=&#8221;#D4AE70&#8243; image_icon_width=&#8221;60px&#8221; _builder_version=&#8221;4.16&#8243; _module_preset=&#8221;default&#8221; header_font=&#8221;|600|||||||&#8221; header_text_align=&#8221;center&#8221; header_line_height=&#8221;1.7em&#8221; body_font=&#8221;|300|||||||&#8221; body_text_align=&#8221;center&#8221; background_color=&#8221;#ffffff&#8221; custom_padding=&#8221;50px|25px|50px|25px|true|true&#8221; border_radii=&#8221;on|25px|25px|25px|25px&#8221; box_shadow_style=&#8221;preset3&#8243; box_shadow_blur=&#8221;25px&#8221; box_shadow_spread=&#8221;-14px&#8221; icon_font_size=&#8221;60px&#8221; global_colors_info=&#8221;{}&#8221;]<\/p>\n<p>Sou\u010d\u00e1st\u00ed na\u0161\u00edch slu\u017eeb je \u0159e\u0161en\u00ed pojistn\u00fdch ud\u00e1losti. Nenech\u00e1me v\u00e1s v tom.<\/p>\n<p>[\/et_pb_blurb][\/et_pb_column][et_pb_column type=&#8221;1_3&#8243; _builder_version=&#8221;4.16&#8243; _module_preset=&#8221;default&#8221; global_colors_info=&#8221;{}&#8221;][et_pb_blurb title=&#8221;Ka\u017edodenn\u00ed dostupnost&#8221; use_icon=&#8221;on&#8221; font_icon=&#8221;&#xe023;||divi||400&#8243; icon_color=&#8221;#D4AE70&#8243; image_icon_width=&#8221;60px&#8221; _builder_version=&#8221;4.16&#8243; _module_preset=&#8221;default&#8221; header_font=&#8221;|600|||||||&#8221; header_text_align=&#8221;center&#8221; header_line_height=&#8221;1.7em&#8221; body_font=&#8221;|300|||||||&#8221; body_text_align=&#8221;center&#8221; background_color=&#8221;#ffffff&#8221; custom_padding=&#8221;50px|25px|50px|25px|true|true&#8221; border_radii=&#8221;on|25px|25px|25px|25px&#8221; box_shadow_style=&#8221;preset3&#8243; box_shadow_blur=&#8221;25px&#8221; box_shadow_spread=&#8221;-14px&#8221; icon_font_size=&#8221;60px&#8221; global_colors_info=&#8221;{}&#8221;]<\/p>\n<p>M\u00e1me zaji\u0161t\u011bn\u00fd ka\u017edodenn\u00ed servis. <span style=\"text-decoration: underline;\"><a href=\"#kontakt\">Kontaktujte n\u00e1s<\/a><\/span>, kdykoli pot\u0159ebujete pomoci.\u00a0<\/p>\n<p>[\/et_pb_blurb][\/et_pb_column][\/et_pb_row][\/et_pb_section][et_pb_section fb_built=&#8221;1&#8243; _builder_version=&#8221;4.16&#8243; _module_preset=&#8221;default&#8221; background_image=&#8221;https:\/\/aspektum.cz\/wp-content\/uploads\/2020\/12\/Cover-web-Aspektum-background-2.jpg&#8221; parallax=&#8221;on&#8221; parallax_method=&#8221;off&#8221; custom_padding=&#8221;100px||100px|||&#8221; global_colors_info=&#8221;{}&#8221;][et_pb_row _builder_version=&#8221;4.16&#8243; _module_preset=&#8221;default&#8221; width=&#8221;100%&#8221; max_width=&#8221;549px&#8221; global_colors_info=&#8221;{}&#8221;][et_pb_column type=&#8221;4_4&#8243; _builder_version=&#8221;4.16&#8243; _module_preset=&#8221;default&#8221; global_colors_info=&#8221;{}&#8221;][et_pb_text _builder_version=&#8221;4.24.0&#8243; _module_preset=&#8221;default&#8221; text_font=&#8221;|300|on||||||&#8221; text_text_color=&#8221;#D4AE70&#8243; text_font_size=&#8221;23px&#8221; text_line_height=&#8221;1.9em&#8221; hover_enabled=&#8221;0&#8243; global_colors_info=&#8221;{}&#8221; sticky_enabled=&#8221;0&#8243;]<\/p>\n<p style=\"text-align: center;\"><span>ASPEKTUM je pro m\u011b symbolem kvality a profesionality. D\u016fkladn\u011b zanalyzovali na\u0161e pot\u0159eby a navrhli \u0159e\u0161en\u00ed u\u0161it\u00e9 na m\u00edru pro oblast na\u0161eho podnik\u00e1n\u00ed.<\/span><\/p>\n<p>[\/et_pb_text][et_pb_image src=&#8221;https:\/\/aspektum.cz\/wp-content\/uploads\/2020\/12\/JT-foto-4.png&#8221; title_text=&#8221;JT foto 4&#8243; _builder_version=&#8221;4.16&#8243; _module_preset=&#8221;default&#8221; max_width=&#8221;20%&#8221; module_alignment=&#8221;center&#8221; global_colors_info=&#8221;{}&#8221;][\/et_pb_image][et_pb_text _builder_version=&#8221;4.16&#8243; _module_preset=&#8221;default&#8221; text_font=&#8221;|300|on||||||&#8221; text_text_color=&#8221;#D4AE70&#8243; text_font_size=&#8221;23px&#8221; text_line_height=&#8221;1.9em&#8221; global_colors_info=&#8221;{}&#8221;]<\/p>\n<p style=\"text-align: center;\"><strong>Jakub Tomoszek<\/strong><\/p>\n<p style=\"text-align: center;\"><span>CEO &amp; Founder, Avogado Legal s.r.o.<\/span><\/p>\n<p>[\/et_pb_text][\/et_pb_column][\/et_pb_row][\/et_pb_section][et_pb_section fb_built=&#8221;1&#8243; module_id=&#8221;sluzby&#8221; _builder_version=&#8221;4.16&#8243; _module_preset=&#8221;default&#8221; background_color=&#8221;rgba(0,0,0,0)&#8221; custom_padding=&#8221;100px|||||&#8221; global_colors_info=&#8221;{}&#8221;][et_pb_row _builder_version=&#8221;4.16&#8243; _module_preset=&#8221;default&#8221; global_colors_info=&#8221;{}&#8221;][et_pb_column type=&#8221;4_4&#8243; _builder_version=&#8221;4.16&#8243; _module_preset=&#8221;default&#8221; global_colors_info=&#8221;{}&#8221;][et_pb_text _builder_version=&#8221;4.24.0&#8243; _module_preset=&#8221;default&#8221; header_font=&#8221;|800|||||||&#8221; header_line_height=&#8221;1.7em&#8221; header_4_font=&#8221;|600|||||||&#8221; header_4_text_color=&#8221;#d4ae70&#8243; header_4_line_height=&#8221;1.7em&#8221; hover_enabled=&#8221;0&#8243; global_colors_info=&#8221;{}&#8221; sticky_enabled=&#8221;0&#8243;]<\/p>\n<h4 class=\"elementor-heading-title elementor-size-default\" style=\"text-align: center;\">Na\u0161e slu\u017eby<\/h4>\n<h4 class=\"elementor-heading-title elementor-size-default\" style=\"text-align: center;\"><span style=\"color: #000547; font-size: 30px;\">Klient\u016fm se o poji\u0161t\u011bn\u00ed star\u00e1me ji\u017e v\u00edce ne\u017e <strong>20<\/strong> let<\/span><\/h4>\n<p>[\/et_pb_text][\/et_pb_column][\/et_pb_row][et_pb_row column_structure=&#8221;1_3,1_3,1_3&#8243; _builder_version=&#8221;4.16&#8243; _module_preset=&#8221;default&#8221; global_colors_info=&#8221;{}&#8221;][et_pb_column type=&#8221;1_3&#8243; _builder_version=&#8221;4.16&#8243; _module_preset=&#8221;default&#8221; global_colors_info=&#8221;{}&#8221;][et_pb_blurb title=&#8221;Poji\u0161t\u011bn\u00ed majetku&#8221; image=&#8221;https:\/\/aspektum.cz\/wp-content\/uploads\/2020\/12\/Aspektum-Pojis\u030cte\u030cni\u0301-nemovitosti-.jpg&#8221; _builder_version=&#8221;4.16&#8243; _module_preset=&#8221;default&#8221; header_font=&#8221;|600|||||||&#8221; header_text_align=&#8221;center&#8221; header_line_height=&#8221;1.7em&#8221; body_font=&#8221;|300|||||||&#8221; body_text_align=&#8221;center&#8221; background_color=&#8221;#ffffff&#8221; custom_padding=&#8221;50px|25px|50px|25px|true|true&#8221; border_radii=&#8221;on|25px|25px|25px|25px&#8221; border_width_all=&#8221;2px&#8221; border_color_all=&#8221;#D4AE70&#8243; border_width_bottom=&#8221;6px&#8221; border_color_all_image=&#8221;#000000&#8243; border_color_right_image=&#8221;#ffffff&#8221; border_color_left_image=&#8221;#ffffff&#8221; box_shadow_style=&#8221;preset3&#8243; box_shadow_blur=&#8221;25px&#8221; box_shadow_spread=&#8221;-14px&#8221; global_colors_info=&#8221;{}&#8221;][\/et_pb_blurb][\/et_pb_column][et_pb_column type=&#8221;1_3&#8243; _builder_version=&#8221;4.16&#8243; _module_preset=&#8221;default&#8221; global_colors_info=&#8221;{}&#8221;][et_pb_blurb title=&#8221;Poji\u0161t\u011bn\u00ed vozidel&#8221; image=&#8221;https:\/\/aspektum.cz\/wp-content\/uploads\/2020\/12\/Aspektum-Pojis\u030cte\u030cni\u0301-aut-.jpg&#8221; _builder_version=&#8221;4.16&#8243; _module_preset=&#8221;default&#8221; header_font=&#8221;|600|||||||&#8221; header_text_align=&#8221;center&#8221; header_line_height=&#8221;1.7em&#8221; body_font=&#8221;|300|||||||&#8221; body_text_align=&#8221;center&#8221; background_color=&#8221;#ffffff&#8221; custom_padding=&#8221;50px|25px|50px|25px|true|true&#8221; border_radii=&#8221;on|25px|25px|25px|25px&#8221; border_width_all=&#8221;2px&#8221; border_color_all=&#8221;#D4AE70&#8243; border_width_bottom=&#8221;6px&#8221; border_color_all_image=&#8221;#000000&#8243; border_color_right_image=&#8221;#ffffff&#8221; border_color_left_image=&#8221;#ffffff&#8221; box_shadow_style=&#8221;preset3&#8243; box_shadow_blur=&#8221;25px&#8221; box_shadow_spread=&#8221;-14px&#8221; global_colors_info=&#8221;{}&#8221;][\/et_pb_blurb][\/et_pb_column][et_pb_column type=&#8221;1_3&#8243; _builder_version=&#8221;4.16&#8243; _module_preset=&#8221;default&#8221; global_colors_info=&#8221;{}&#8221;][et_pb_blurb title=&#8221;Poji\u0161t\u011bn\u00ed odpov\u011bdnosti&#8221; image=&#8221;https:\/\/aspektum.cz\/wp-content\/uploads\/2020\/12\/Aspektum-Pojis\u030cte\u030cni\u0301-odpove\u030cdnosti-.jpg&#8221; _builder_version=&#8221;4.16&#8243; _module_preset=&#8221;default&#8221; header_font=&#8221;|600|||||||&#8221; header_text_align=&#8221;center&#8221; header_line_height=&#8221;1.7em&#8221; body_font=&#8221;|300|||||||&#8221; body_text_align=&#8221;center&#8221; background_color=&#8221;#ffffff&#8221; custom_padding=&#8221;50px|25px|50px|25px|true|true&#8221; border_radii=&#8221;on|25px|25px|25px|25px&#8221; border_width_all=&#8221;2px&#8221; border_color_all=&#8221;#D4AE70&#8243; border_width_bottom=&#8221;6px&#8221; border_color_all_image=&#8221;#000000&#8243; border_color_right_image=&#8221;#ffffff&#8221; border_color_left_image=&#8221;#ffffff&#8221; box_shadow_style=&#8221;preset3&#8243; box_shadow_blur=&#8221;25px&#8221; box_shadow_spread=&#8221;-14px&#8221; global_colors_info=&#8221;{}&#8221;][\/et_pb_blurb][\/et_pb_column][\/et_pb_row][\/et_pb_section][et_pb_section fb_built=&#8221;1&#8243; module_id=&#8221;kontakt&#8221; _builder_version=&#8221;4.16&#8243; _module_preset=&#8221;default&#8221; background_enable_color=&#8221;off&#8221; global_colors_info=&#8221;{}&#8221;][et_pb_row _builder_version=&#8221;4.16&#8243; _module_preset=&#8221;default&#8221; global_colors_info=&#8221;{}&#8221;][et_pb_column type=&#8221;4_4&#8243; _builder_version=&#8221;4.16&#8243; _module_preset=&#8221;default&#8221; global_colors_info=&#8221;{}&#8221;][et_pb_text _builder_version=&#8221;4.16&#8243; _module_preset=&#8221;default&#8221; header_font=&#8221;|800|||||||&#8221; header_line_height=&#8221;1.7em&#8221; header_4_font=&#8221;|600|||||||&#8221; header_4_text_color=&#8221;#d4ae70&#8243; header_4_line_height=&#8221;1.7em&#8221; global_colors_info=&#8221;{}&#8221;]<\/p>\n<h4 class=\"elementor-heading-title elementor-size-default\" style=\"text-align: center;\">Kontakt<\/h4>\n<h1 class=\"elementor-heading-title elementor-size-default\" style=\"text-align: center;\">Jsme tady pro v\u00e1s<\/h1>\n<p>[\/et_pb_text][\/et_pb_column][\/et_pb_row][et_pb_row column_structure=&#8221;1_3,1_3,1_3&#8243; _builder_version=&#8221;4.16&#8243; _module_preset=&#8221;default&#8221; global_colors_info=&#8221;{}&#8221;][et_pb_column type=&#8221;1_3&#8243; _builder_version=&#8221;4.16&#8243; _module_preset=&#8221;default&#8221; global_colors_info=&#8221;{}&#8221;][et_pb_blurb title=&#8221;+420 596 768 348&#8243; use_icon=&#8221;on&#8221; font_icon=&#8221;&#xe090;||divi||400&#8243; icon_color=&#8221;#D4AE70&#8243; image_icon_width=&#8221;60px&#8221; _builder_version=&#8221;4.24.0&#8243; _module_preset=&#8221;default&#8221; header_font=&#8221;|600|||||||&#8221; header_text_align=&#8221;center&#8221; header_line_height=&#8221;1.7em&#8221; body_font=&#8221;|300|||||||&#8221; body_text_align=&#8221;center&#8221; background_enable_color=&#8221;off&#8221; custom_padding=&#8221;50px|25px|50px|25px|true|true&#8221; hover_enabled=&#8221;0&#8243; border_radii=&#8221;on|25px|25px|25px|25px&#8221; icon_font_size=&#8221;60px&#8221; global_colors_info=&#8221;{}&#8221; sticky_enabled=&#8221;0&#8243;]<\/p>\n<p>Volejte v pracovn\u00edch dnech<\/p>\n<p>8 &#8211; 16 hod.<\/p>\n<p>[\/et_pb_blurb][\/et_pb_column][et_pb_column type=&#8221;1_3&#8243; _builder_version=&#8221;4.16&#8243; _module_preset=&#8221;default&#8221; global_colors_info=&#8221;{}&#8221;][et_pb_blurb title=&#8221;info@aspektum.cz&#8221; use_icon=&#8221;on&#8221; font_icon=&#8221;&#xe076;||divi||400&#8243; icon_color=&#8221;#D4AE70&#8243; image_icon_width=&#8221;60px&#8221; _builder_version=&#8221;4.16&#8243; _module_preset=&#8221;default&#8221; header_font=&#8221;|600|||||||&#8221; header_text_align=&#8221;center&#8221; header_line_height=&#8221;1.7em&#8221; body_font=&#8221;|300|||||||&#8221; body_text_align=&#8221;center&#8221; background_enable_color=&#8221;off&#8221; custom_padding=&#8221;50px|25px|50px|25px|true|true&#8221; border_radii=&#8221;on|25px|25px|25px|25px&#8221; icon_font_size=&#8221;60px&#8221; global_colors_info=&#8221;{}&#8221;]<\/p>\n<p>Napi\u0161te, odpov\u00edme v\u00e1m do jednoho pracovn\u00edho dne.<\/p>\n<p>[\/et_pb_blurb][\/et_pb_column][et_pb_column type=&#8221;1_3&#8243; _builder_version=&#8221;4.16&#8243; _module_preset=&#8221;default&#8221; global_colors_info=&#8221;{}&#8221;][et_pb_blurb title=&#8221;S\u00eddlo spole\u010dnosti&#8221; use_icon=&#8221;on&#8221; font_icon=&#8221;&#xe081;||divi||400&#8243; icon_color=&#8221;#D4AE70&#8243; image_icon_width=&#8221;60px&#8221; _builder_version=&#8221;4.16&#8243; _module_preset=&#8221;default&#8221; header_font=&#8221;|600|||||||&#8221; header_text_align=&#8221;center&#8221; header_line_height=&#8221;1.7em&#8221; body_font=&#8221;|300|||||||&#8221; body_text_align=&#8221;center&#8221; background_enable_color=&#8221;off&#8221; custom_padding=&#8221;50px|25px|50px|25px|true|true&#8221; link_option_url=&#8221;https:\/\/www.google.com\/search?tbs=lf:1,lf_ui:2&#038;tbm=lcl&#038;sxsrf=ALeKk02j7YFKCC2AHwmLloZYd3VXSGg7Jg:1608031485352&#038;q=aspektum&#038;rflfq=1&#038;num=10&#038;ved=2ahUKEwiQ1OKL8M_tAhVVA2MBHaGyCGkQtgN6BAgDEAc#rlfi=hd:;si:7740145519729667876;mv:%91%9149.834235299999996,18.271875299999998%93,%9149.790473899999995,18.2564045%93%93&#8243; border_radii=&#8221;on|25px|25px|25px|25px&#8221; icon_font_size=&#8221;60px&#8221; global_colors_info=&#8221;{}&#8221; background__hover_enabled=&#8221;on|hover&#8221; title_text__hover=&#8221;Mapa 2&#8243; background_image__hover=&#8221;https:\/\/aspektum.cz\/wp-content\/uploads\/2020\/12\/Mapa-2.png&#8221; background_enable_image__hover=&#8221;on&#8221; parallax__hover=&#8221;off&#8221; parallax_method__hover=&#8221;off&#8221;]<\/p>\n<p>M\u00edrov\u00e1 151\/19<\/p>\n<p>703 00 Ostrava-V\u00edtkovice\u00a0<\/p>\n<p>[\/et_pb_blurb][\/et_pb_column][\/et_pb_row][\/et_pb_section][et_pb_section fb_built=&#8221;1&#8243; _builder_version=&#8221;4.16&#8243; _module_preset=&#8221;default&#8221; background_image=&#8221;https:\/\/aspektum.cz\/wp-content\/uploads\/2020\/12\/Cover-web-Aspektum-background.jpg&#8221; parallax=&#8221;on&#8221; parallax_method=&#8221;off&#8221; global_colors_info=&#8221;{}&#8221;][et_pb_row _builder_version=&#8221;4.16&#8243; _module_preset=&#8221;default&#8221; global_colors_info=&#8221;{}&#8221;][et_pb_column type=&#8221;4_4&#8243; _builder_version=&#8221;4.16&#8243; _module_preset=&#8221;default&#8221; global_colors_info=&#8221;{}&#8221;][et_pb_text _builder_version=&#8221;4.16&#8243; _module_preset=&#8221;default&#8221; text_font=&#8221;|300|||||||&#8221; text_text_color=&#8221;#d4ae70&#8243; global_colors_info=&#8221;{}&#8221;]<\/p>\n<p style=\"text-align: center;\"><strong>ASPEKTUM s.r.o.<\/strong><\/p>\n<p style=\"text-align: center;\">I\u010cO:\u00a0<span>25837923<\/span><\/p>\n<p style=\"text-align: center;\"><span>M\u00edrov\u00e1 151\/19, 703 00 Ostrava-V\u00edtkovice<\/span><\/p>\n<p style=\"text-align: center;\"><span class=\"nobr\">Datov\u00e1 sch.: ymknqsd<\/span><\/p>\n<p class=\"court\" style=\"text-align: center;\">Krajsk\u00fd soud v Ostrav\u011b, odd. C vlo\u017eka 20699<\/p>\n<p>[\/et_pb_text][\/et_pb_column][\/et_pb_row][\/et_pb_section]<\/p>\n","protected":false},"excerpt":{"rendered":"<p>Poji\u0161t\u011bn\u00ed &amp; Servis Chr\u00e1n\u00edme v\u00e1\u0161 majetek, va\u0161e podnik\u00e1n\u00edM\u00edt spr\u00e1vn\u00e9 poji\u0161t\u011bn\u00ed je nezbytnou sou\u010d\u00e1st\u00ed \u00fasp\u011b\u0161n\u00e9ho podnik\u00e1n\u00ed. Ji\u017e v\u00edce ne\u017e 20 let jsme partne\u0159i t\u011bch nej\u00fasp\u011b\u0161n\u011bj\u0161\u00edch.Servis je na\u0161\u00ed dom\u00e9nou Komplexn\u00ed servis poji\u0161t\u011bn\u00edKa\u017edou nab\u00eddku tvo\u0159\u00edme individu\u00e1ln\u011b na z\u00e1klad\u011b po\u017eadavku a pot\u0159eb klienta.Sou\u010d\u00e1st\u00ed na\u0161\u00edch slu\u017eeb je \u0159e\u0161en\u00ed pojistn\u00fdch ud\u00e1losti. Nenech\u00e1me v\u00e1s v tom.M\u00e1me zaji\u0161t\u011bn\u00fd ka\u017edodenn\u00ed servis. Kontaktujte n\u00e1s, kdykoli [&hellip;]<\/p>\n","protected":false},"author":2,"featured_media":0,"parent":0,"menu_order":0,"comment_status":"closed","ping_status":"closed","template":"","meta":{"_et_pb_use_builder":"on","_et_pb_old_content":"","_et_gb_content_width":""},"_links":{"self":[{"href":"https:\/\/aspektum.cz\/index.php?rest_route=\/wp\/v2\/pages\/36"}],"collection":[{"href":"https:\/\/aspektum.cz\/index.php?rest_route=\/wp\/v2\/pages"}],"about":[{"href":"https:\/\/aspektum.cz\/index.php?rest_route=\/wp\/v2\/types\/page"}],"author":[{"embeddable":true,"href":"https:\/\/aspektum.cz\/index.php?rest_route=\/wp\/v2\/users\/2"}],"replies":[{"embeddable":true,"href":"https:\/\/aspektum.cz\/index.php?rest_route=%2Fwp%2Fv2%2Fcomments&post=36"}],"version-history":[{"count":31,"href":"https:\/\/aspektum.cz\/index.php?rest_route=\/wp\/v2\/pages\/36\/revisions"}],"predecessor-version":[{"id":205,"href":"https:\/\/aspektum.cz\/index.php?rest_route=\/wp\/v2\/pages\/36\/revisions\/205"}],"wp:attachment":[{"href":"https:\/\/aspektum.cz\/index.php?rest_route=%2Fwp%2Fv2%2Fmedia&parent=36"}],"curies":[{"name":"wp","href":"https:\/\/api.w.org\/{rel}","templated":true}]}}